{"id":67,"date":"2023-01-28T15:21:07","date_gmt":"2023-01-28T14:21:07","guid":{"rendered":"http:\/\/hotelpicchionero.com\/?page_id=67"},"modified":"2023-03-17T16:27:23","modified_gmt":"2023-03-17T15:27:23","slug":"restaurant","status":"publish","type":"page","link":"https:\/\/hotelpicchionero.com\/it\/restaurant\/","title":{"rendered":"Il ristorante"},"content":{"rendered":"<section class=\"wpb-content-wrapper\"><div class=\"vc_row wpb_row vc_row-fluid vc_custom_1627562291998 sohohotel-content-wrapper-vc vc_row-has-fill\"><div class=\"wpb_column vc_column_container vc_col-sm-12 vc_col-has-fill\"><div class=\"vc_column-inner vc_custom_1627562322556\"><div class=\"wpb_wrapper\">\n\t<div class=\"wpb_text_column wpb_content_element\" >\n\t\t<div class=\"wpb_wrapper\">\n\t\t\t<p><span class=\"wpsdc-drop-cap\">F<\/span>l cibo al Ristorante Picchio Nero non \u00e8 solo un fine, ma anche un mezzo. \u00c8 profondamente<img decoding=\"async\" class=\"alignright\" src=\"http:\/\/hotelpicchionero.com\/wp-content\/uploads\/2018\/10\/Pino-1-by-Peppe-300x297.jpg\" \/> radicata nelle tradizioni locali, le ricette proposte e realizzate a mano da\u00a0<strong>chef Pino Golia<\/strong>\u00a0vi vizier\u00e0, ma vi sveler\u00e0 anche storie inedite del Pollino e dei suoi paesi. Lo chef Pino Golia sfrutta la sua immensa conoscenza per adattare le sue creazioni ai clienti. Si preoccupa di spiegare a ogni cliente come quel particolare cibo, nato nel cuore del pi\u00f9 grande parco nazionale italiano, abbia plasmato il suo abitante e porti con s\u00e9 certi ricordi.<\/p>\n<p>Tuttavia, il cibo a\u00a0<strong>Picchio Nero<\/strong>\u00a0non \u00e8 solo un'esperienza, ma anche un piacere continuo.<\/p>\n<p>Lasciatevi tentare dalla tradizione del cacciatore e del forestiero: un mix affumicato di funghi selvatici, scamorza e prosciutto crudo locale, condito con un uovo biologico in camicia o un ricco sugo di cinghiale su pappardelle fatte a mano.<\/p>\n<p><img loading=\"lazy\" decoding=\"async\" class=\"size-medium wp-image-811 alignleft\" src=\"http:\/\/hotelpicchionero.com\/wp-content\/uploads\/2019\/04\/51612614_2202282840090180_7771590644614561792_o-300x300.jpg\" sizes=\"auto, (max-width: 300px) 100vw, 300px\" srcset=\"http:\/\/hotelpicchionero.com\/wp-content\/uploads\/2019\/04\/51612614_2202282840090180_7771590644614561792_o-300x300.jpg 300w, http:\/\/hotelpicchionero.com\/wp-content\/uploads\/2019\/04\/51612614_2202282840090180_7771590644614561792_o-150x150.jpg 150w, http:\/\/hotelpicchionero.com\/wp-content\/uploads\/2019\/04\/51612614_2202282840090180_7771590644614561792_o-768x766.jpg 768w, http:\/\/hotelpicchionero.com\/wp-content\/uploads\/2019\/04\/51612614_2202282840090180_7771590644614561792_o-1024x1022.jpg 1024w, http:\/\/hotelpicchionero.com\/wp-content\/uploads\/2019\/04\/51612614_2202282840090180_7771590644614561792_o-100x100.jpg 100w, http:\/\/hotelpicchionero.com\/wp-content\/uploads\/2019\/04\/51612614_2202282840090180_7771590644614561792_o-82x82.jpg 82w, http:\/\/hotelpicchionero.com\/wp-content\/uploads\/2019\/04\/51612614_2202282840090180_7771590644614561792_o-80x80.jpg 80w, http:\/\/hotelpicchionero.com\/wp-content\/uploads\/2019\/04\/51612614_2202282840090180_7771590644614561792_o.jpg 2048w\" alt=\"\" width=\"300\" height=\"300\" \/>Una ricetta locale assolutamente da provare\u00a0<em>ciambotta<\/em>Il piatto \u00e8 composto da peperoni leggermente fritti, verdure biologiche e una spolverata di salsiccia locale, il tutto mescolato con uova cremose e un tocco di sale e pepe. Non stupitevi se non ne avete mai sentito parlare. Non si trova nei men\u00f9 di molti ristoranti, ma \u00e8 possibile trovarne una versione in quasi tutte le cucine domestiche del Sud Italia. Un vero tesoro nascosto che lo chef Golia adatta a seconda delle stagioni. Gli ingredienti, infatti, devono essere sempre freschi e biologici.<\/p>\n<p>Non credete al luogo comune secondo cui agli italiani non interessa il dessert. Lo chef Pino Golia si prende cura di confezionare le sue cene deliziose e sostanziose: panna cotta alla vaniglia con composta di more viola intenso; torta di mele e prugne con streusel alla cannella; torta mousse al cioccolato con ganache al cioccolato; e, naturalmente, il gelato, nei gloriosi gusti italiani.<\/p>\n<p>Anche il caff\u00e8 ha un posto speciale al Picchio Nero. Si dice spesso che in un periodo di difficolt\u00e0 agli italiani possono mancare molte cose, ma il loro caff\u00e8 non \u00e8 una di queste. Provate voi stessi l'esperienza del vero espresso come lo si immaginava nel Sud Italia. Un espresso denso e scuro, che arriva fumante nella sua spessa tazza di porcellana sul bancone di marmo bianco del bar.<\/p>\n<div id=\"gallery-1\" class=\"gallery galleryid-32 gallery-columns-3 gallery-size-medium\">\n<div class=\"gallery-item\">\n<div class=\"gallery-icon\"><a title=\"Basilicata- Conde Nast traveller -\" href=\"http:\/\/hotelpicchionero.com\/wp-content\/uploads\/2015\/01\/IMG_2110.jpg\" data-gal=\"prettyPhoto&#091;gallery-1&#093;\"><img decoding=\"async\" src=\"http:\/\/hotelpicchionero.com\/wp-content\/uploads\/2015\/01\/IMG_2110.jpg\" alt=\"\" \/><\/a><\/div>\n<\/div>\n<div class=\"gallery-item\">\n<div class=\"gallery-icon\"><a title=\"Basilicata- Conde Nast traveller -\" href=\"http:\/\/hotelpicchionero.com\/wp-content\/uploads\/2015\/01\/IMG_2138.jpg\" data-gal=\"prettyPhoto&#091;gallery-1&#093;\"><img decoding=\"async\" src=\"http:\/\/hotelpicchionero.com\/wp-content\/uploads\/2015\/01\/IMG_2138.jpg\" alt=\"\" \/><\/a><\/div>\n<\/div>\n<div class=\"gallery-item\">\n<div class=\"gallery-icon\"><a title=\"Basilicata- Conde Nast traveller -\" href=\"http:\/\/hotelpicchionero.com\/wp-content\/uploads\/2015\/01\/IMG_2163.jpg\" data-gal=\"prettyPhoto&#091;gallery-1&#093;\"><img decoding=\"async\" src=\"http:\/\/hotelpicchionero.com\/wp-content\/uploads\/2015\/01\/IMG_2163.jpg\" alt=\"\" \/><\/a><\/div>\n<\/div>\n<div class=\"gallery-item\">\n<div class=\"gallery-icon\"><a title=\"Basilicata- Viaggiatore Conde Nast\" href=\"http:\/\/hotelpicchionero.com\/wp-content\/uploads\/2015\/01\/IMG_2177.jpg\" data-gal=\"prettyPhoto&#091;gallery-1&#093;\"><img decoding=\"async\" src=\"http:\/\/hotelpicchionero.com\/wp-content\/uploads\/2015\/01\/IMG_2177.jpg\" alt=\"\" \/><\/a><\/div>\n<\/div>\n<div class=\"gallery-item\">\n<div class=\"gallery-icon\"><a title=\"Basilicata- Conde Nast traveller -\" href=\"http:\/\/hotelpicchionero.com\/wp-content\/uploads\/2015\/01\/IMG_2095.jpg\" data-gal=\"prettyPhoto&#091;gallery-1&#093;\"><img decoding=\"async\" src=\"http:\/\/hotelpicchionero.com\/wp-content\/uploads\/2015\/01\/IMG_2095.jpg\" alt=\"\" \/><\/a><\/div>\n<\/div>\n<div class=\"gallery-item\">\n<div class=\"gallery-icon\"><a title=\"Basilicata- Conde Nast traveller -\" href=\"http:\/\/hotelpicchionero.com\/wp-content\/uploads\/2015\/01\/IMG_2072.jpg\" data-gal=\"prettyPhoto&#091;gallery-1&#093;\"><img decoding=\"async\" src=\"http:\/\/hotelpicchionero.com\/wp-content\/uploads\/2015\/01\/IMG_2072.jpg\" alt=\"\" \/><\/a><\/div>\n<\/div>\n<\/div>\n\n\t\t<\/div>\n\t<\/div>\n<\/div><\/div><\/div><\/div><div class=\"vc_row wpb_row vc_row-fluid vc_custom_1627553435640 vc_row-has-fill\"><div class=\"wpb_column vc_column_container vc_col-sm-12 vc_col-has-fill\"><div class=\"vc_column-inner vc_custom_1627553414681\"><div class=\"wpb_wrapper\"><div class=\"vc_separator wpb_content_element vc_separator_align_center vc_sep_width_100 vc_sep_pos_align_center vc_separator_no_text\" ><span class=\"vc_sep_holder vc_sep_holder_l\"><span style=\"border-color:#dedede;\" class=\"vc_sep_line\"><\/span><\/span><span class=\"vc_sep_holder vc_sep_holder_r\"><span style=\"border-color:#dedede;\" class=\"vc_sep_line\"><\/span><\/span>\n<\/div><\/div><\/div><\/div><\/div><div class=\"vc_row wpb_row vc_row-fluid vc_custom_1627562303197 vc_row-has-fill\"><div class=\"wpb_column vc_column_container vc_col-sm-12 vc_col-has-fill\"><div class=\"vc_column-inner vc_custom_1627562333686\"><div class=\"wpb_wrapper\"><div class=\"vc_empty_space\"   style=\"height: 20px\"><span class=\"vc_empty_space_inner\"><\/span><\/div><\/div><\/div><\/div><\/div>\n<\/section>","protected":false},"excerpt":{"rendered":"Il cibo al Ristorante Picchio Nero non \u00e8 solo un fine, ma un mezzo. Essendo profondamente radicate nelle tradizioni locali, le ricette proposte e realizzate a mano dallo chef Pino Golia vi vizieranno, ma vi sveleranno anche storie inedite del Pollino e dei suoi paesi. Lo chef Pino Golia sfrutta le sue immense conoscenze per adattare le sue creazioni alle esigenze dei clienti.<a href=\"https:\/\/hotelpicchionero.com\/it\/restaurant\/\" class=\"sohohotel-more-link\">Per saperne di pi\u00f9<\/a>","protected":false},"author":1,"featured_media":0,"parent":0,"menu_order":0,"comment_status":"closed","ping_status":"closed","template":"","meta":{"footnotes":""},"class_list":["post-67","page","type-page","status-publish","hentry"],"_links":{"self":[{"href":"https:\/\/hotelpicchionero.com\/it\/wp-json\/wp\/v2\/pages\/67","targetHints":{"allow":["GET"]}}],"collection":[{"href":"https:\/\/hotelpicchionero.com\/it\/wp-json\/wp\/v2\/pages"}],"about":[{"href":"https:\/\/hotelpicchionero.com\/it\/wp-json\/wp\/v2\/types\/page"}],"author":[{"embeddable":true,"href":"https:\/\/hotelpicchionero.com\/it\/wp-json\/wp\/v2\/users\/1"}],"replies":[{"embeddable":true,"href":"https:\/\/hotelpicchionero.com\/it\/wp-json\/wp\/v2\/comments?post=67"}],"version-history":[{"count":5,"href":"https:\/\/hotelpicchionero.com\/it\/wp-json\/wp\/v2\/pages\/67\/revisions"}],"predecessor-version":[{"id":366,"href":"https:\/\/hotelpicchionero.com\/it\/wp-json\/wp\/v2\/pages\/67\/revisions\/366"}],"wp:attachment":[{"href":"https:\/\/hotelpicchionero.com\/it\/wp-json\/wp\/v2\/media?parent=67"}],"curies":[{"name":"wp","href":"https:\/\/api.w.org\/{rel}","templated":true}]}}